{"id":164,"date":"2025-05-22T11:16:33","date_gmt":"2025-05-22T11:16:33","guid":{"rendered":"https:\/\/demo.themedraft.net\/wp\/bizkorp\/?page_id=164"},"modified":"2025-07-11T15:59:04","modified_gmt":"2025-07-11T07:59:04","slug":"projets","status":"publish","type":"page","link":"https:\/\/lionwingnet.com\/fr\/projets\/","title":{"rendered":"Projets"},"content":{"rendered":"<div data-elementor-type=\"wp-page\" data-elementor-id=\"164\" class=\"elementor elementor-164\" data-elementor-post-type=\"page\">\n\t\t\t\t\t\t<section class=\"elementor-section elementor-top-section elementor-element elementor-element-1f551c0d elementor-section-boxed elementor-section-height-default elementor-section-height-default\" data-id=\"1f551c0d\" data-element_type=\"section\" data-e-type=\"section\">\n\t\t\t\t\t\t<div class=\"elementor-container elementor-column-gap-default\">\n\t\t\t\t\t<div class=\"elementor-column elementor-col-100 elementor-top-column elementor-element elementor-element-2ad08dbf\" data-id=\"2ad08dbf\" data-element_type=\"column\" data-e-type=\"column\">\n\t\t\t<div class=\"elementor-widget-wrap elementor-element-populated\">\n\t\t\t\t\t\t<div class=\"elementor-element elementor-element-a7f381 elementor-widget elementor-widget-themedraft_title_with_text_one\" data-id=\"a7f381\" data-element_type=\"widget\" data-e-type=\"widget\" data-widget_type=\"themedraft_title_with_text_one.default\">\n\t\t\t\t<div class=\"elementor-widget-container\">\n\t\t\t\t\t\n        <div class=\"td-section-title-one-wrapper\">\n            <div class=\"td-section-title-one-content wow td-fadeInUp\">\n                                    <div class=\"td-section-title-one-subtitle\">\n                        Nos travaux                    <\/div>\n                \n                <h2 class=\"td-section-title-one-title\">\n                    Nous croyons en la qualit\u00e9 et non en la quantit\u00e9.                <\/h2>\n                \n                            <\/div>\n        <\/div>\n\n\t\t\t\t\t\t<\/div>\n\t\t\t\t<\/div>\n\t\t\t\t\t<\/div>\n\t\t<\/div>\n\t\t\t\t\t<\/div>\n\t\t<\/section>\n\t\t<div class=\"elementor-element elementor-element-74c1705 e-flex e-con-boxed e-con e-parent\" data-id=\"74c1705\" data-element_type=\"container\" data-e-type=\"container\">\n\t\t\t\t\t<div class=\"e-con-inner\">\n\t\t\t\t<div class=\"elementor-element elementor-element-e2056f1 elementor-invisible elementor-widget elementor-widget-themedraft_project_slider_one\" data-id=\"e2056f1\" data-element_type=\"widget\" data-e-type=\"widget\" data-widget_type=\"themedraft_project_slider_one.default\">\n\t\t\t\t<div class=\"elementor-widget-container\">\n\t\t\t\t\t\n        <div class=\"td-project-slider-one-wrapper\">\n\n            <div id=\"project-slider-id-94937\" class=\"project-slider-one row\">\n                \n                        <div class=\"col-12 project-slider-one-col\">\n                            <div class=\"td-single-project-slider-one-item td-project-one-item wow td-right-to-left\">\n                                <div class=\"td-project-one-image-wrapper\">\n                                    <img decoding=\"async\" src=\"https:\/\/lionwingnet.com\/wp-content\/uploads\/2025\/07\/lionwingnsajnd3.jpg\" alt=\"\">\n                                    <div class=\"image-animation\">\n                                        <img decoding=\"async\" src=\"https:\/\/lionwingnet.com\/wp-content\/uploads\/2025\/07\/lionwingnsajnd3.jpg\" alt=\"\">\n                                    <\/div>\n                                    <a class=\"td-project-image-link\" href=\"https:\/\/lionwingnet.com\/fr\/projet\/une-entreprise-dassaisonnements-naturels-basee-en-thailande\/\"><\/a>\n                                <\/div>\n\n                                <div class=\"td-project-slider-one-content\">\n                                    <span class=\"td-project-slider-one-subtitle\">Campagnes de marketing cr\u00e9atives<\/span>\n\n                                    <a href=\"https:\/\/lionwingnet.com\/fr\/projet\/une-entreprise-dassaisonnements-naturels-basee-en-thailande\/\">\n                                        <h4 class=\"td-project-slider-one-title\">Entreprise tha\u00eflandaise d'assaisonnements naturels, sp\u00e9cialis\u00e9e dans les sauces de poisson sans additifs et les p\u00e2tes aromatiques \u00e0 base de plantes, qui cherche \u00e0 p\u00e9n\u00e9trer le march\u00e9 halal du Moyen-Orient.<\/h4>\n                                    <\/a>\n                                <\/div>\n\n\n                            <\/div>\n                        <\/div>\n                    \n                        <div class=\"col-12 project-slider-one-col\">\n                            <div class=\"td-single-project-slider-one-item td-project-one-item wow td-right-to-left\">\n                                <div class=\"td-project-one-image-wrapper\">\n                                    <img decoding=\"async\" src=\"https:\/\/lionwingnet.com\/wp-content\/uploads\/2025\/07\/lionwingnet1-4-2.jpg\" alt=\"\">\n                                    <div class=\"image-animation\">\n                                        <img decoding=\"async\" src=\"https:\/\/lionwingnet.com\/wp-content\/uploads\/2025\/07\/lionwingnet1-4-2.jpg\" alt=\"\">\n                                    <\/div>\n                                    <a class=\"td-project-image-link\" href=\"https:\/\/lionwingnet.com\/fr\/projet\/fabricant-chinois-dadditifs-alimentaires-fonctionnels\/\"><\/a>\n                                <\/div>\n\n                                <div class=\"td-project-slider-one-content\">\n                                    <span class=\"td-project-slider-one-subtitle\">Personnalisation de la strat\u00e9gie de marque<\/span>\n\n                                    <a href=\"https:\/\/lionwingnet.com\/fr\/projet\/fabricant-chinois-dadditifs-alimentaires-fonctionnels\/\">\n                                        <h4 class=\"td-project-slider-one-title\">Fabricant chinois d'additifs alimentaires fonctionnels<br \/>\nEntreprise bas\u00e9e \u00e0 Zhejiang, ciblant les fabricants de boissons saines en Am\u00e9rique du Nord.<br \/>\n<\/h4>\n                                    <\/a>\n                                <\/div>\n\n\n                            <\/div>\n                        <\/div>\n                                <\/div>\n\n            <script>\n                (function ($) {\n                    \"use strict\";\n                    $(document).ready(function () {\n                        $(\"#project-slider-id-94937\").slick({\n                            slidesToShow: \"2\",\n                            autoplay: true,\n                            autoplaySpeed: \"5000\",\n                            speed: 1500, \/\/ slide speed\n                            dots: false,\n                            arrows: false,\n                            infinite: true,\n                            pauseOnHover: false,\n                            centerMode: false,\n                            centerPadding: 30,\n                            responsive: [\n                                {\n                                    breakpoint: 1281,\n                                    settings: {\n                                        slidesToShow: \"2\",\n                                    }\n                                },\n                                {\n                                    breakpoint: 1025,\n                                    settings: {\n                                        slidesToShow: 2, \/\/768-991\n                                    }\n                                },\n                                {\n                                    breakpoint: 992,\n                                    settings: {\n                                        slidesToShow: 2, \/\/768-991\n                                    }\n                                },\n                                {\n                                    breakpoint: 768,\n                                    settings: {\n                                        slidesToShow: 1, \/\/ 0 -767\n                                    }\n                                }\n                            ]\n                        });\n                    });\n                })(jQuery);\n            <\/script>\n\n        <\/div>\n\t\t\t\t\t\t<\/div>\n\t\t\t\t<\/div>\n\t\t\t\t\t<\/div>\n\t\t\t\t<\/div>\n\t\t\t\t<\/div>","protected":false},"excerpt":{"rendered":"<p>Nos travaux Nous croyons en la qualit\u00e9 et non en la quantit\u00e9. Campagnes de marketing cr\u00e9atives Une entreprise tha\u00eflandaise d'assaisonnements naturels, sp\u00e9cialis\u00e9e dans les sauces de poisson sans additifs et les p\u00e2tes aromatiques \u00e0 base de plantes, cherchant \u00e0 p\u00e9n\u00e9trer le march\u00e9 halal du Moyen-Orient. Personnalisation de la strat\u00e9gie de marque Fabricant chinois d'additifs alimentaires fonctionnels Entreprise bas\u00e9e \u00e0 Zhejiang, ciblant les fabricants de boissons saines en Am\u00e9rique du Nord.<\/p>","protected":false},"author":1,"featured_media":0,"parent":0,"menu_order":0,"comment_status":"closed","ping_status":"closed","template":"","meta":{"footnotes":""},"class_list":["post-164","page","type-page","status-publish","hentry"],"_links":{"self":[{"href":"https:\/\/lionwingnet.com\/fr\/wp-json\/wp\/v2\/pages\/164","targetHints":{"allow":["GET"]}}],"collection":[{"href":"https:\/\/lionwingnet.com\/fr\/wp-json\/wp\/v2\/pages"}],"about":[{"href":"https:\/\/lionwingnet.com\/fr\/wp-json\/wp\/v2\/types\/page"}],"author":[{"embeddable":true,"href":"https:\/\/lionwingnet.com\/fr\/wp-json\/wp\/v2\/users\/1"}],"replies":[{"embeddable":true,"href":"https:\/\/lionwingnet.com\/fr\/wp-json\/wp\/v2\/comments?post=164"}],"version-history":[{"count":92,"href":"https:\/\/lionwingnet.com\/fr\/wp-json\/wp\/v2\/pages\/164\/revisions"}],"predecessor-version":[{"id":1328,"href":"https:\/\/lionwingnet.com\/fr\/wp-json\/wp\/v2\/pages\/164\/revisions\/1328"}],"wp:attachment":[{"href":"https:\/\/lionwingnet.com\/fr\/wp-json\/wp\/v2\/media?parent=164"}],"curies":[{"name":"wp","href":"https:\/\/api.w.org\/{rel}","templated":true}]}}