{"id":162,"date":"2025-05-22T11:16:05","date_gmt":"2025-05-22T11:16:05","guid":{"rendered":"https:\/\/demo.themedraft.net\/wp\/bizkorp\/?page_id=162"},"modified":"2025-07-10T14:35:13","modified_gmt":"2025-07-10T06:35:13","slug":"services","status":"publish","type":"page","link":"https:\/\/lionwingnet.com\/fr\/services\/","title":{"rendered":"Services"},"content":{"rendered":"<div data-elementor-type=\"wp-page\" data-elementor-id=\"162\" class=\"elementor elementor-162\" data-elementor-post-type=\"page\">\n\t\t\t\t\t\t<section class=\"elementor-section elementor-top-section elementor-element elementor-element-58c010f elementor-section-stretched elementor-section-boxed elementor-section-height-default elementor-section-height-default\" data-id=\"58c010f\" data-element_type=\"section\" data-e-type=\"section\" data-settings=\"{&quot;stretch_section&quot;:&quot;section-stretched&quot;}\">\n\t\t\t\t\t\t<div class=\"elementor-container elementor-column-gap-default\">\n\t\t\t\t\t<div class=\"elementor-column elementor-col-100 elementor-top-column elementor-element elementor-element-09a4d90\" data-id=\"09a4d90\" data-element_type=\"column\" data-e-type=\"column\">\n\t\t\t<div class=\"elementor-widget-wrap elementor-element-populated\">\n\t\t\t\t\t\t<div class=\"elementor-element elementor-element-1eb0b89 elementor-widget elementor-widget-themedraft_title_with_text_one\" data-id=\"1eb0b89\" data-element_type=\"widget\" data-e-type=\"widget\" data-widget_type=\"themedraft_title_with_text_one.default\">\n\t\t\t\t<div class=\"elementor-widget-container\">\n\t\t\t\t\t\n        <div class=\"td-section-title-one-wrapper\">\n            <div class=\"td-section-title-one-content wow td-fadeInUp\">\n                                    <div class=\"td-section-title-one-subtitle\">\n                        Nos r\u00e9alisations                    <\/div>\n                \n                <h2 class=\"td-section-title-one-title\">\n                    Ce que nous pouvons faire pour vous                <\/h2>\n                \n                            <\/div>\n        <\/div>\n\n\t\t\t\t\t\t<\/div>\n\t\t\t\t<\/div>\n\t\t\t\t<div class=\"elementor-element elementor-element-cf0751b elementor-invisible elementor-widget elementor-widget-themedraft_text_editor_one\" data-id=\"cf0751b\" data-element_type=\"widget\" data-e-type=\"widget\" data-widget_type=\"themedraft_text_editor_one.default\">\n\t\t\t\t<div class=\"elementor-widget-container\">\n\t\t\t\t\t\n\t\t<div class=\"td-text-editor-text-wrapper\">\n\t\t\t<div class=\"td-text-editor-text wow td-fadeInUp\">\n\t\t\t\t<p><br \/>A l'heure de la mondialisation, chaque exploration d'une marque fa\u00e7onne son positionnement dans le paysage mondial.<\/p>\t\t\t<\/div>\n\t\t<\/div>\n\n\t\t\t\t\t\t<\/div>\n\t\t\t\t<\/div>\n\t\t\t\t\t<\/div>\n\t\t<\/div>\n\t\t\t\t\t<\/div>\n\t\t<\/section>\n\t\t\t\t<section class=\"elementor-section elementor-top-section elementor-element elementor-element-62cb2a9 elementor-section-stretched elementor-section-boxed elementor-section-height-default elementor-section-height-default\" data-id=\"62cb2a9\" data-element_type=\"section\" data-e-type=\"section\" data-settings=\"{&quot;stretch_section&quot;:&quot;section-stretched&quot;}\">\n\t\t\t\t\t\t<div class=\"elementor-container elementor-column-gap-default\">\n\t\t\t\t\t<div class=\"elementor-column elementor-col-100 elementor-top-column elementor-element elementor-element-3bf9b97\" data-id=\"3bf9b97\" data-element_type=\"column\" data-e-type=\"column\">\n\t\t\t<div class=\"elementor-widget-wrap elementor-element-populated\">\n\t\t\t\t\t\t<div class=\"elementor-element elementor-element-bcc0a9c elementor-invisible elementor-widget elementor-widget-themedraft_service_one\" data-id=\"bcc0a9c\" data-element_type=\"widget\" data-e-type=\"widget\" data-widget_type=\"themedraft_service_one.default\">\n\t\t\t\t<div class=\"elementor-widget-container\">\n\t\t\t\t\t\n        <div class=\"td-service-one-wrapper\">\n            <div class=\"service-one row\">\n                                        <div class=\"col-xl-6 col-lg-4 col-md-6\">\n                            <div class=\"td-single-service-one-item wow td-fadeInUp\">\n                                <div class=\"td-service-one-overlay\"><\/div>\n                                <div class=\"td-service-one-hover-image td-cover-bg\" style=\"background-image: url(https:\/\/lionwingnet.com\/wp-content\/uploads\/2025\/07\/lionwingnet1-4-scaled.avif)\"><\/div>\n                                <div class=\"td-service-one-icon\">\n                                    <i aria-hidden=\"true\" class=\"flaticon-computer\"><\/i>                                                                    <\/div>\n                                <h4 class=\"td-service-one-title\">Personnalisation de la strat\u00e9gie de la marque alimentaire<\/h4>\n\n                                <div class=\"td-service-one-desc td-last-p-0\"><p>Avec plus d'une d\u00e9cennie d'expertise approfondie dans l'industrie alimentaire, nous discernons les tendances de consommation mondiales et les paysages politiques pour fournir des solutions strat\u00e9giques de bout en bout - de l'affinement des caract\u00e9ristiques du produit \u00e0 la construction d'une marque internationale. En nous appuyant sur des \u00e9tudes de march\u00e9 de type big data, sur l'analyse des diff\u00e9rences culturelles et sur des recommandations relatives \u00e0 l'emballage des produits, nous donnons \u00e0 nos clients les moyens d'atteindre un positionnement pr\u00e9cis et une mise en \u0153uvre efficace sur les march\u00e9s \u00e9trangers.<\/p><\/div>\n\n                                <a href=\"https:\/\/lionwingnet.com\/fr\/a-propos-de-nous\/\" class=\"service-one-details-btn\">\n                                    Voir les d\u00e9tails                                <\/a>\n                            <\/div>\n                        <\/div>\n                                            <div class=\"col-xl-6 col-lg-4 col-md-6\">\n                            <div class=\"td-single-service-one-item wow td-fadeInUp\">\n                                <div class=\"td-service-one-overlay\"><\/div>\n                                <div class=\"td-service-one-hover-image td-cover-bg\" style=\"background-image: url(https:\/\/lionwingnet.com\/wp-content\/uploads\/2025\/07\/lionwingnet1-7-scaled.avif)\"><\/div>\n                                <div class=\"td-service-one-icon\">\n                                    <i aria-hidden=\"true\" class=\"td-icon flaticon-design\"><\/i>                                                                    <\/div>\n                                <h4 class=\"td-service-one-title\">Marketing int\u00e9gr\u00e9 cr\u00e9atif (en ligne et hors ligne)<\/h4>\n\n                                <div class=\"td-service-one-desc td-last-p-0\"><p>Nous concevons des contenus visuels viraux sur mesure, des \u00e9v\u00e9nements immersifs et des solutions de communication multilingues exclusivement pour les industries de l'alimentation, de l'emballage et des additifs. Tout en amplifiant la visibilit\u00e9 de la marque sur les plateformes sociales, nous excellons \u00e9galement dans l'int\u00e9gration d'expositions industrielles, de n\u00e9gociations commerciales et d'activit\u00e9s exp\u00e9rientielles hors ligne afin d'am\u00e9liorer la cr\u00e9dibilit\u00e9 de la marque et les capacit\u00e9s de conversion commerciale.<\/p><\/div>\n\n                                <a href=\"https:\/\/lionwingnet.com\/fr\/a-propos-de-nous\/\" class=\"service-one-details-btn\">\n                                    Voir les d\u00e9tails                                <\/a>\n                            <\/div>\n                        <\/div>\n                                            <div class=\"col-xl-6 col-lg-4 col-md-6\">\n                            <div class=\"td-single-service-one-item wow td-fadeInUp\">\n                                <div class=\"td-service-one-overlay\"><\/div>\n                                <div class=\"td-service-one-hover-image td-cover-bg\" style=\"background-image: url(https:\/\/lionwingnet.com\/wp-content\/uploads\/2025\/07\/lionwingnet1-5-scaled.avif)\"><\/div>\n                                <div class=\"td-service-one-icon\">\n                                    <i aria-hidden=\"true\" class=\"td-icon flaticon-cyber-security-1\"><\/i>                                                                    <\/div>\n                                <h4 class=\"td-service-one-title\">Op\u00e9rations transfrontali\u00e8res de croissance num\u00e9rique<\/h4>\n\n                                <div class=\"td-service-one-desc td-last-p-0\"><p>Nous avons mis en place un syst\u00e8me d'exploitation de domaine priv\u00e9 bas\u00e9 sur l'analyse intelligente et aliment\u00e9 par l'IA, cr\u00e9ant une boucle ferm\u00e9e compl\u00e8te pour les entreprises alimentaires, allant de l'acquisition de trafic et de l'attraction de clients \u00e0 la conversion et \u00e0 la fid\u00e9lisation. Nos services couvrent la gestion des boutiques de commerce \u00e9lectronique transfrontali\u00e8res, l'optimisation des mots-cl\u00e9s, les solutions de fid\u00e9lisation des utilisateurs, ainsi que la promotion de la recherche professionnelle ax\u00e9e sur le B2B (telle que l'expansion de la base de donn\u00e9es de la plate-forme B2B\/de l'industrie).<\/p><\/div>\n\n                                <a href=\"https:\/\/lionwingnet.com\/fr\/a-propos-de-nous\/\" class=\"service-one-details-btn\">\n                                    Voir les d\u00e9tails                                <\/a>\n                            <\/div>\n                        <\/div>\n                                            <div class=\"col-xl-6 col-lg-4 col-md-6\">\n                            <div class=\"td-single-service-one-item wow td-fadeInUp\">\n                                <div class=\"td-service-one-overlay\"><\/div>\n                                <div class=\"td-service-one-hover-image td-cover-bg\" style=\"background-image: url(https:\/\/lionwingnet.com\/wp-content\/uploads\/2025\/07\/823747e4b803aba77762fd23af901e7b.avif)\"><\/div>\n                                <div class=\"td-service-one-icon\">\n                                    <i aria-hidden=\"true\" class=\"td-icon flaticon-promotion\"><\/i>                                                                    <\/div>\n                                <h4 class=\"td-service-one-title\">Conseil en mati\u00e8re de communication internationale et de conformit\u00e9<\/h4>\n\n                                <div class=\"td-service-one-desc td-last-p-0\"><p>Conseil en mati\u00e8re de communication internationale et de conformit\u00e9<br \/>Nous aidons les entreprises \u00e0 p\u00e9n\u00e9trer rapidement des march\u00e9s divers tels que l'Europe, l'Am\u00e9rique, l'Asie du Sud-Est et le Moyen-Orient, en couvrant les \u00e9tapes cl\u00e9s de l'industrie alimentaire - de l'enregistrement des produits \u00e0 la traduction des certifications, en passant par la localisation des supports de marketing et l'arrimage aux m\u00e9dias\/plateformes. Cela permet une \"communication globale + expression localis\u00e9e\" v\u00e9ritablement significative.<\/p><\/div>\n\n                                <a href=\"https:\/\/lionwingnet.com\/fr\/a-propos-de-nous\/\" class=\"service-one-details-btn\">\n                                    Voir les d\u00e9tails                                <\/a>\n                            <\/div>\n                        <\/div>\n                                <\/div>\n\n        <\/div>\n\t\t\t\t\t\t<\/div>\n\t\t\t\t<\/div>\n\t\t\t\t\t<\/div>\n\t\t<\/div>\n\t\t\t\t\t<\/div>\n\t\t<\/section>\n\t\t\t\t<\/div>","protected":false},"excerpt":{"rendered":"<p>Our Achievement What We Can Do for You In an era where globalization surges forward, every exploration of a brand shapes its positioning in the global landscape Food Brand Strategy Customization With over a decade of deep expertise in the food industry, we discern global consumer trends and policy landscapes to deliver end-to-end strategic solutions\u2014from &#8220;product feature refinement&#8221; to &#8220;international brand building.&#8221; Leveraging big data market research, cultural difference analysis, and product packaging recommendations, we empower clients to achieve precise positioning and impactful implementation in overseas markets. View Details Creative Integrated Marketing (Online + Offline) We craft tailor-made viral visual content, immersive event planning, and multilingual communication solutions exclusively for the food, packaging, and additives industries. While amplifying brand visibility on social platforms, we also excel at integrating industry exhibitions, trade negotiations, and offline experiential activities to enhance brand credibility and commercial conversion capabilities. View Details Cross-Border Digital Growth Operations We have established an AI-powered intelligent analysis-based private domain operation system, building a complete closed loop for food enterprises\u2014spanning from traffic acquisition and customer attraction to conversion and retention. Our services cover cross-border e-commerce store management, keyword optimization, user retention solutions, as well as B2B-focused professional search promotion (such as B2B platform\/industry database expansion). View Details International Communication &#038; Compliance Consulting International Communication &amp; Compliance ConsultingWe assist enterprises in rapidly entering diverse markets such as Europe, America, Southeast Asia, and the Middle East, covering key steps in the food industry\u2014from product registration, certification translation, and localization of marketing materials to media\/platform docking. This enables truly meaningful &#8220;global communication + localized expression.&#8221; View Details<\/p>","protected":false},"author":1,"featured_media":0,"parent":0,"menu_order":0,"comment_status":"closed","ping_status":"closed","template":"","meta":{"footnotes":""},"class_list":["post-162","page","type-page","status-publish","hentry"],"_links":{"self":[{"href":"https:\/\/lionwingnet.com\/fr\/wp-json\/wp\/v2\/pages\/162","targetHints":{"allow":["GET"]}}],"collection":[{"href":"https:\/\/lionwingnet.com\/fr\/wp-json\/wp\/v2\/pages"}],"about":[{"href":"https:\/\/lionwingnet.com\/fr\/wp-json\/wp\/v2\/types\/page"}],"author":[{"embeddable":true,"href":"https:\/\/lionwingnet.com\/fr\/wp-json\/wp\/v2\/users\/1"}],"replies":[{"embeddable":true,"href":"https:\/\/lionwingnet.com\/fr\/wp-json\/wp\/v2\/comments?post=162"}],"version-history":[{"count":28,"href":"https:\/\/lionwingnet.com\/fr\/wp-json\/wp\/v2\/pages\/162\/revisions"}],"predecessor-version":[{"id":1283,"href":"https:\/\/lionwingnet.com\/fr\/wp-json\/wp\/v2\/pages\/162\/revisions\/1283"}],"wp:attachment":[{"href":"https:\/\/lionwingnet.com\/fr\/wp-json\/wp\/v2\/media?parent=162"}],"curies":[{"name":"wp","href":"https:\/\/api.w.org\/{rel}","templated":true}]}}