{"id":160,"date":"2025-05-22T11:15:04","date_gmt":"2025-05-22T11:15:04","guid":{"rendered":"https:\/\/demo.themedraft.net\/wp\/bizkorp\/?page_id=160"},"modified":"2025-07-10T16:23:12","modified_gmt":"2025-07-10T08:23:12","slug":"a-propos-de-nous","status":"publish","type":"page","link":"https:\/\/lionwingnet.com\/fr\/a-propos-de-nous\/","title":{"rendered":"\u00c0 propos de nous"},"content":{"rendered":"<div data-elementor-type=\"wp-page\" data-elementor-id=\"160\" class=\"elementor elementor-160\" data-elementor-post-type=\"page\">\n\t\t\t\t\t\t<section class=\"elementor-section elementor-top-section elementor-element elementor-element-783b687 elementor-section-stretched elementor-section-boxed elementor-section-height-default elementor-section-height-default\" data-id=\"783b687\" data-element_type=\"section\" data-e-type=\"section\" data-settings=\"{&quot;stretch_section&quot;:&quot;section-stretched&quot;}\">\n\t\t\t\t\t\t<div class=\"elementor-container elementor-column-gap-default\">\n\t\t\t\t\t<div class=\"elementor-column elementor-col-33 elementor-top-column elementor-element elementor-element-7ae3c42\" data-id=\"7ae3c42\" data-element_type=\"column\" data-e-type=\"column\">\n\t\t\t<div class=\"elementor-widget-wrap elementor-element-populated\">\n\t\t\t\t\t\t<div class=\"elementor-element elementor-element-b951137 elementor-widget elementor-widget-themedraft_title_with_text_one\" data-id=\"b951137\" data-element_type=\"widget\" data-e-type=\"widget\" data-widget_type=\"themedraft_title_with_text_one.default\">\n\t\t\t\t<div class=\"elementor-widget-container\">\n\t\t\t\t\t\n        <div class=\"td-section-title-one-wrapper\">\n            <div class=\"td-section-title-one-content wow td-fadeInUp\">\n                                    <div class=\"td-section-title-one-subtitle\">\n                        A propos de nous.                    <\/div>\n                \n                <h2 class=\"td-section-title-one-title\">\n                    Pionnier du marketing de marque                <\/h2>\n                \n                            <\/div>\n        <\/div>\n\n\t\t\t\t\t\t<\/div>\n\t\t\t\t<\/div>\n\t\t\t\t<div class=\"elementor-element elementor-element-117507a elementor-invisible elementor-widget elementor-widget-themedraft_text_editor_one\" data-id=\"117507a\" data-element_type=\"widget\" data-e-type=\"widget\" data-widget_type=\"themedraft_text_editor_one.default\">\n\t\t\t\t<div class=\"elementor-widget-container\">\n\t\t\t\t\t\n\t\t<div class=\"td-text-editor-text-wrapper\">\n\t\t\t<div class=\"td-text-editor-text wow td-fadeInUp left-border-enable\">\n\t\t\t\t<p>\u00c0 l'\u00e8re de la mondialisation, le voyage d'exploration de chaque marque red\u00e9finit sa position mondiale. N\u00e9 \u00e0 Singapour, un centre strat\u00e9gique o\u00f9 convergent les cultures orientales et occidentales, Lionwing incarne le discernement royal d'un lion pour saisir les tendances mondiales, et l'esprit libre des ailes pour transcender les limites g\u00e9ographiques. Elle aspire \u00e0 \u00eatre le moteur strat\u00e9gique qui permet aux marques de la cha\u00eene compl\u00e8te d'approvisionnement alimentaire de naviguer et de prosp\u00e9rer sur les march\u00e9s internationaux.<\/p>\t\t\t<\/div>\n\t\t<\/div>\n\n\t\t\t\t\t\t<\/div>\n\t\t\t\t<\/div>\n\t\t\t\t\t<\/div>\n\t\t<\/div>\n\t\t\t\t<div class=\"elementor-column elementor-col-66 elementor-top-column elementor-element elementor-element-86795e5\" data-id=\"86795e5\" data-element_type=\"column\" data-e-type=\"column\">\n\t\t\t<div class=\"elementor-widget-wrap elementor-element-populated\">\n\t\t\t\t\t\t<div class=\"elementor-element elementor-element-425b81a elementor-invisible elementor-widget elementor-widget-themedraft_image_one\" data-id=\"425b81a\" data-element_type=\"widget\" data-e-type=\"widget\" data-widget_type=\"themedraft_image_one.default\">\n\t\t\t\t<div class=\"elementor-widget-container\">\n\t\t\t\t\t\n\t\t<div class=\"td-image-one-wrapper td-counter-box-12582\">\n\t\t\t<div class=\"td-image-one wow td-right-to-left\">\n\t\t\t\t<img decoding=\"async\" src=\"https:\/\/lionwingnet.com\/wp-content\/uploads\/2025\/07\/2b09361ed861cacd078ac7546ab9fcbf.png\" alt=\"\" title=\"Marketing\">\n\t\t\t\t\t\t\t<\/div>\n\t\t<\/div>\n\n        <script>\n            (function ($) {\n                \"use strict\";\n                \/*====  Document Ready Function =====*\/\n                jQuery(document).ready(function($){\n                    $(\".td-counter-box-12582 .td-count-number\").counterUp({\n                        delay: 10,\n                        time: 2000\n                    });\n                });\n            }(jQuery));\n        <\/script>\n\t\t\t\t\t\t<\/div>\n\t\t\t\t<\/div>\n\t\t\t\t\t<\/div>\n\t\t<\/div>\n\t\t\t\t\t<\/div>\n\t\t<\/section>\n\t\t\t\t<section class=\"elementor-section elementor-top-section elementor-element elementor-element-ccd7e9c elementor-section-stretched elementor-section-boxed elementor-section-height-default elementor-section-height-default\" data-id=\"ccd7e9c\" data-element_type=\"section\" data-e-type=\"section\" data-settings=\"{&quot;stretch_section&quot;:&quot;section-stretched&quot;}\">\n\t\t\t\t\t\t<div class=\"elementor-container elementor-column-gap-default\">\n\t\t\t\t\t<div class=\"elementor-column elementor-col-100 elementor-top-column elementor-element elementor-element-6468558\" data-id=\"6468558\" data-element_type=\"column\" data-e-type=\"column\">\n\t\t\t<div class=\"elementor-widget-wrap elementor-element-populated\">\n\t\t\t\t\t\t<div class=\"elementor-element elementor-element-065ef35 elementor-widget elementor-widget-themedraft_title_with_text_one\" data-id=\"065ef35\" data-element_type=\"widget\" data-e-type=\"widget\" data-widget_type=\"themedraft_title_with_text_one.default\">\n\t\t\t\t<div class=\"elementor-widget-container\">\n\t\t\t\t\t\n        <div class=\"td-section-title-one-wrapper\">\n            <div class=\"td-section-title-one-content wow td-left-to-right\">\n                                    <div class=\"td-section-title-one-subtitle\">\n                        LIONWING                     <\/div>\n                \n                <h2 class=\"td-section-title-one-title\">\n                    Lib\u00e9rez le c\u00f4t\u00e9 du lion, \u00e9largissez les possibilit\u00e9s de la marque sans limites                <\/h2>\n                \n                                <div class=\"section-desc-wrapper\">\n                    <p>LIONWING est une agence internationale de marketing de marque sp\u00e9cialis\u00e9e dans les domaines de l'alimentation, de l'emballage et des additifs. Nous avons rassembl\u00e9 des talents de premier plan dans les domaines de la strat\u00e9gie de march\u00e9, de la communication cr\u00e9ative, de la croissance num\u00e9rique, du commerce \u00e9lectronique transfrontalier et d'autres domaines. En nous appuyant sur les principes de \"puissance de la marque + mondialisation + esprit de la cha\u00eene d'approvisionnement\", nous concevons des solutions uniques d'expansion \u00e0 l'\u00e9tranger pour les entreprises de l'ensemble de la cha\u00eene de l'industrie alimentaire.<br \/>Nous comprenons parfaitement la complexit\u00e9 de l'industrie alimentaire : depuis l'approvisionnement en mati\u00e8res premi\u00e8res, la transformation des aliments, les additifs fonctionnels et l'innovation en mati\u00e8re d'emballage, jusqu'\u00e0 la promotion du marketing, l'acc\u00e8s \u00e0 l'utilisateur final et l'expansion \u00e0 l'\u00e9tranger, chaque lien est d'une importance vitale. LIONWING est pr\u00e9cis\u00e9ment votre partenaire polyvalent pour relier ces liens cl\u00e9s et r\u00e9aliser la transition de \"l'exportation de produits\" \u00e0 la \"mondialisation de la marque\".<\/p>                <\/div>\n                            <\/div>\n        <\/div>\n\n\t\t\t\t\t\t<\/div>\n\t\t\t\t<\/div>\n\t\t\t\t<div class=\"elementor-element elementor-element-752c702 elementor-invisible elementor-widget elementor-widget-themedraft_counter_up_one\" data-id=\"752c702\" data-element_type=\"widget\" data-e-type=\"widget\" data-widget_type=\"themedraft_counter_up_one.default\">\n\t\t\t\t<div class=\"elementor-widget-container\">\n\t\t\t\t\t\t\t<div class=\"counter-up-one-wrapper td-counter-box-29652\">\n\t\t\t<div class=\"row\">\n\t\t\t\t\t\t\t\t\t\t<div class=\"col-xl-3 col-lg-3 col-md-6 col-6  wow td-fadeInUp\">\n\t\t\t\t\t\t\t<div class=\"td-counter-box-one\">\n\t\t\t\t\t\t\t\t<div class=\"td-count-one-content\">\n\t\t\t\t\t\t\t\t\t<div class=\"td-count-number-and-unit\">\n\t\t\t\t\t\t\t\t\t\t<span class=\"td-count-number\">10<\/span>Y+\t\t\t\t\t\t\t\t\t<\/div>\n\n\t\t\t\t\t\t\t\t\t<div class=\"td-count-one-title\">Exp\u00e9rience professionnelle<\/div>\n\t\t\t\t\t\t\t\t<\/div>\n\t\t\t\t\t\t\t<\/div>\n\t\t\t\t\t\t<\/div>\n\t\t\t\t\t\t\t\t\t\t\t\t<div class=\"col-xl-3 col-lg-3 col-md-6 col-6  wow td-fadeInUp\">\n\t\t\t\t\t\t\t<div class=\"td-counter-box-one\">\n\t\t\t\t\t\t\t\t<div class=\"td-count-one-content\">\n\t\t\t\t\t\t\t\t\t<div class=\"td-count-number-and-unit\">\n\t\t\t\t\t\t\t\t\t\t<span class=\"td-count-number\">60<\/span>+\t\t\t\t\t\t\t\t\t<\/div>\n\n\t\t\t\t\t\t\t\t\t<div class=\"td-count-one-title\">Entreprises de confiance<\/div>\n\t\t\t\t\t\t\t\t<\/div>\n\t\t\t\t\t\t\t<\/div>\n\t\t\t\t\t\t<\/div>\n\t\t\t\t\t\t\t\t\t\t\t\t<div class=\"col-xl-3 col-lg-3 col-md-6 col-6  wow td-fadeInUp\">\n\t\t\t\t\t\t\t<div class=\"td-counter-box-one\">\n\t\t\t\t\t\t\t\t<div class=\"td-count-one-content\">\n\t\t\t\t\t\t\t\t\t<div class=\"td-count-number-and-unit\">\n\t\t\t\t\t\t\t\t\t\t<span class=\"td-count-number\">150<\/span>\t\t\t\t\t\t\t\t\t<\/div>\n\n\t\t\t\t\t\t\t\t\t<div class=\"td-count-one-title\">Des clients heureux<\/div>\n\t\t\t\t\t\t\t\t<\/div>\n\t\t\t\t\t\t\t<\/div>\n\t\t\t\t\t\t<\/div>\n\t\t\t\t\t\t\t\t\t\t\t\t<div class=\"col-xl-3 col-lg-3 col-md-6 col-6  wow td-fadeInUp\">\n\t\t\t\t\t\t\t<div class=\"td-counter-box-one\">\n\t\t\t\t\t\t\t\t<div class=\"td-count-one-content\">\n\t\t\t\t\t\t\t\t\t<div class=\"td-count-number-and-unit\">\n\t\t\t\t\t\t\t\t\t\t<span class=\"td-count-number\">99<\/span>%\t\t\t\t\t\t\t\t\t<\/div>\n\n\t\t\t\t\t\t\t\t\t<div class=\"td-count-one-title\">Satisfaction des clients<\/div>\n\t\t\t\t\t\t\t\t<\/div>\n\t\t\t\t\t\t\t<\/div>\n\t\t\t\t\t\t<\/div>\n\t\t\t\t\t\t\t\t\t<\/div>\n\n\t\t<\/div>\n\n\t\t<script>\n            (function ($) {\n                \"use strict\";\n                \/*====  Document Ready Function =====*\/\n                jQuery(document).ready(function($){\n                    $(\".td-counter-box-29652 .td-count-number\").counterUp({\n                        delay: 10,\n                        time: 2000\n                    });\n                });\n            }(jQuery));\n\t\t<\/script>\n\t\t\t\t\t\t<\/div>\n\t\t\t\t<\/div>\n\t\t\t\t\t<\/div>\n\t\t<\/div>\n\t\t\t\t\t<\/div>\n\t\t<\/section>\n\t\t\t\t<section class=\"elementor-section elementor-top-section elementor-element elementor-element-777b61be elementor-section-stretched elementor-section-boxed elementor-section-height-default elementor-section-height-default\" data-id=\"777b61be\" data-element_type=\"section\" data-e-type=\"section\" data-settings=\"{&quot;stretch_section&quot;:&quot;section-stretched&quot;,&quot;background_background&quot;:&quot;classic&quot;}\">\n\t\t\t\t\t\t<div class=\"elementor-container elementor-column-gap-default\">\n\t\t\t\t\t<div class=\"elementor-column elementor-col-50 elementor-top-column elementor-element elementor-element-12723627\" data-id=\"12723627\" data-element_type=\"column\" data-e-type=\"column\">\n\t\t\t<div class=\"elementor-widget-wrap elementor-element-populated\">\n\t\t\t\t\t\t<div class=\"elementor-element elementor-element-346ac83 elementor-invisible elementor-widget elementor-widget-themedraft_image_one\" data-id=\"346ac83\" data-element_type=\"widget\" data-e-type=\"widget\" data-widget_type=\"themedraft_image_one.default\">\n\t\t\t\t<div class=\"elementor-widget-container\">\n\t\t\t\t\t\n\t\t<div class=\"td-image-one-wrapper td-counter-box-76257\">\n\t\t\t<div class=\"td-image-one wow td-left-to-right\">\n\t\t\t\t<img decoding=\"async\" src=\"https:\/\/lionwingnet.com\/wp-content\/uploads\/2025\/06\/banner2.jpg\" alt=\"\" title=\"banni\u00e8re2\">\n\t\t\t\t\t\t\t<\/div>\n\t\t<\/div>\n\n        <script>\n            (function ($) {\n                \"use strict\";\n                \/*====  Document Ready Function =====*\/\n                jQuery(document).ready(function($){\n                    $(\".td-counter-box-76257 .td-count-number\").counterUp({\n                        delay: 10,\n                        time: 2000\n                    });\n                });\n            }(jQuery));\n        <\/script>\n\t\t\t\t\t\t<\/div>\n\t\t\t\t<\/div>\n\t\t\t\t\t<\/div>\n\t\t<\/div>\n\t\t\t\t<div class=\"elementor-column elementor-col-50 elementor-top-column elementor-element elementor-element-31ff96ce\" data-id=\"31ff96ce\" data-element_type=\"column\" data-e-type=\"column\">\n\t\t\t<div class=\"elementor-widget-wrap elementor-element-populated\">\n\t\t\t\t\t\t<div class=\"elementor-element elementor-element-64b289d7 elementor-widget elementor-widget-themedraft_title_with_text_one\" data-id=\"64b289d7\" data-element_type=\"widget\" data-e-type=\"widget\" data-widget_type=\"themedraft_title_with_text_one.default\">\n\t\t\t\t<div class=\"elementor-widget-container\">\n\t\t\t\t\t\n        <div class=\"td-section-title-one-wrapper\">\n            <div class=\"td-section-title-one-content wow td-fadeInUp\">\n                                    <div class=\"td-section-title-one-subtitle\">\n                        Pourquoi nous choisir\uff1f                    <\/div>\n                \n                <h2 class=\"td-section-title-one-title\">\n                    LIONWING SINGAPORE PTE. LTD.                 <\/h2>\n                \n                                <div class=\"section-desc-wrapper\">\n                    <p>Ax\u00e9 sur l'industrie \u00d7 Enracin\u00e9 dans le monde entier<br \/>Nous servons des dizaines d'entreprises dans les secteurs de l'alimentation, de l'emballage et des additifs, avec une expertise approfondie du langage sp\u00e9cifique \u00e0 l'industrie, des nuances r\u00e9glementaires et des points probl\u00e9matiques du march\u00e9, ce qui nous permet de bien comprendre l'\u00e9cosyst\u00e8me de la cha\u00eene d'approvisionnement alimentaire mondiale.<\/p><p>Pens\u00e9e int\u00e9gr\u00e9e \u00d7 Solutions de bout en bout<br \/>Nous allons au-del\u00e0 du marketing - nous aidons nos clients tout au long de la cha\u00eene de valeur, depuis le d\u00e9veloppement du produit jusqu'\u00e0 l'engagement de l'utilisateur final. Notre approche holistique aide les marques \u00e0 construire des foss\u00e9s concurrentiels durables et \u00e0 franchir les barri\u00e8res de la distribution.<\/p><p>Perspective de Singapour \u00d7 Int\u00e9gration Est-Ouest<br \/>Enracin\u00e9e en Asie et connect\u00e9e au monde, LionWing tire parti de la connaissance approfondie qu'a son \u00e9quipe cr\u00e9ative internationale du comportement des consommateurs orientaux et occidentaux, des pr\u00e9f\u00e9rences culturelles et des normes de l'industrie, ce qui permet \u00e0 votre marque d'adapter sa voix \u00e0 tous les march\u00e9s et d'atteindre une croissance mondiale r\u00e9guli\u00e8re.<\/p>                <\/div>\n                            <\/div>\n        <\/div>\n\n\t\t\t\t\t\t<\/div>\n\t\t\t\t<\/div>\n\t\t\t\t<div class=\"elementor-element elementor-element-167ac31a elementor-invisible elementor-widget elementor-widget-themedraft_bizkorp_gradient_button_widget\" data-id=\"167ac31a\" data-element_type=\"widget\" data-e-type=\"widget\" data-widget_type=\"themedraft_bizkorp_gradient_button_widget.default\">\n\t\t\t\t<div class=\"elementor-widget-container\">\n\t\t\t\t\t\n\t\t<div class=\"themedraft-button-wrapper td-button-el-widget wow td-fadeInUp\">\n\n            <a href=\"https:\/\/lionwingnet.com\/fr\/a-propos-de-nous\/\" class=\"themedraft-button td-button td-gradient-button themedraft-button-one\" ><span>Commencer<\/span>\n                                    <i aria-hidden=\"true\" class=\"icon-button-arrow-one\"><\/i>                            <\/a>\n\n\t\t\t\t\t<\/div>\n\t\t\t\t\t\t<\/div>\n\t\t\t\t<\/div>\n\t\t\t\t\t<\/div>\n\t\t<\/div>\n\t\t\t\t\t<\/div>\n\t\t<\/section>\n\t\t\t\t<section class=\"elementor-section elementor-top-section elementor-element elementor-element-c492dcc elementor-section-stretched elementor-section-boxed elementor-section-height-default elementor-section-height-default\" data-id=\"c492dcc\" data-element_type=\"section\" data-e-type=\"section\" data-settings=\"{&quot;stretch_section&quot;:&quot;section-stretched&quot;}\">\n\t\t\t\t\t\t<div class=\"elementor-container elementor-column-gap-default\">\n\t\t\t\t\t<div class=\"elementor-column elementor-col-100 elementor-top-column elementor-element elementor-element-22f9473e\" data-id=\"22f9473e\" data-element_type=\"column\" data-e-type=\"column\">\n\t\t\t<div class=\"elementor-widget-wrap elementor-element-populated\">\n\t\t\t\t\t\t<div class=\"elementor-element elementor-element-1d04c4cd elementor-widget elementor-widget-themedraft_title_with_text_one\" data-id=\"1d04c4cd\" data-element_type=\"widget\" data-e-type=\"widget\" data-widget_type=\"themedraft_title_with_text_one.default\">\n\t\t\t\t<div class=\"elementor-widget-container\">\n\t\t\t\t\t\n        <div class=\"td-section-title-one-wrapper\">\n            <div class=\"td-section-title-one-content wow td-fadeInUp\">\n                                    <div class=\"td-section-title-one-subtitle\">\n                        Culture d'entreprise                    <\/div>\n                \n                <h2 class=\"td-section-title-one-title\">\n                                    <\/h2>\n                \n                            <\/div>\n        <\/div>\n\n\t\t\t\t\t\t<\/div>\n\t\t\t\t<\/div>\n\t\t\t\t\t<\/div>\n\t\t<\/div>\n\t\t\t\t\t<\/div>\n\t\t<\/section>\n\t\t\t\t<section class=\"elementor-section elementor-top-section elementor-element elementor-element-6b79fb28 elementor-section-stretched elementor-section-boxed elementor-section-height-default elementor-section-height-default\" data-id=\"6b79fb28\" data-element_type=\"section\" data-e-type=\"section\" data-settings=\"{&quot;stretch_section&quot;:&quot;section-stretched&quot;}\">\n\t\t\t\t\t\t<div class=\"elementor-container elementor-column-gap-default\">\n\t\t\t\t\t<div class=\"elementor-column elementor-col-50 elementor-top-column elementor-element elementor-element-11d27306 elementor-hidden-tablet elementor-hidden-mobile\" data-id=\"11d27306\" data-element_type=\"column\" data-e-type=\"column\">\n\t\t\t<div class=\"elementor-widget-wrap elementor-element-populated\">\n\t\t\t\t\t\t<div class=\"elementor-element elementor-element-7d7d7910 elementor-invisible elementor-widget elementor-widget-themedraft_image_one\" data-id=\"7d7d7910\" data-element_type=\"widget\" data-e-type=\"widget\" data-widget_type=\"themedraft_image_one.default\">\n\t\t\t\t<div class=\"elementor-widget-container\">\n\t\t\t\t\t\n\t\t<div class=\"td-image-one-wrapper td-counter-box-14040\">\n\t\t\t<div class=\"td-image-one wow td-left-to-right\">\n\t\t\t\t<img decoding=\"async\" src=\"https:\/\/lionwingnet.com\/wp-content\/uploads\/2025\/07\/e0bfa4df7a8b3afe0f720594fa96ac80.png\" alt=\"\" title=\"e0bfa4df7a8b3afe0f720594fa96ac80\">\n\t\t\t\t\t\t\t<\/div>\n\t\t<\/div>\n\n        <script>\n            (function ($) {\n                \"use strict\";\n                \/*====  Document Ready Function =====*\/\n                jQuery(document).ready(function($){\n                    $(\".td-counter-box-14040 .td-count-number\").counterUp({\n                        delay: 10,\n                        time: 2000\n                    });\n                });\n            }(jQuery));\n        <\/script>\n\t\t\t\t\t\t<\/div>\n\t\t\t\t<\/div>\n\t\t\t\t\t<\/div>\n\t\t<\/div>\n\t\t\t\t<div class=\"elementor-column elementor-col-50 elementor-top-column elementor-element elementor-element-145f7c3a\" data-id=\"145f7c3a\" data-element_type=\"column\" data-e-type=\"column\">\n\t\t\t<div class=\"elementor-widget-wrap elementor-element-populated\">\n\t\t\t\t\t\t<div class=\"elementor-element elementor-element-4e18914c elementor-invisible elementor-widget elementor-widget-themedraft_tab_one\" data-id=\"4e18914c\" data-element_type=\"widget\" data-e-type=\"widget\" data-widget_type=\"themedraft_tab_one.default\">\n\t\t\t\t<div class=\"elementor-widget-container\">\n\t\t\t\t\t\n\t\t<div class=\"td-bizkorp-tab-wrapper wow td-fadeInUp\">\n            <div class=\"nav nav-tabs\" role=\"tablist\">\n                                        <button class=\"nav-link active\" data-bs-toggle=\"tab\" data-bs-target=\"#td-tab-number-92221\" type=\"button\" role=\"tab\">\n                            La mission                        <\/button>\n                                            <button class=\"nav-link\" data-bs-toggle=\"tab\" data-bs-target=\"#td-tab-number-92222\" type=\"button\" role=\"tab\">\n                            Vision                        <\/button>\n                                            <button class=\"nav-link\" data-bs-toggle=\"tab\" data-bs-target=\"#td-tab-number-92223\" type=\"button\" role=\"tab\">\n                            Valeurs                        <\/button>\n                                <\/div>\n\n            <div class=\"tab-content\">\n                                            <div class=\"td-tab-item tab-pane fade active show\" id=\"td-tab-number-92221\" role=\"tabpanel\">\n                                <div class=\"td-text-wrapper\">\n\t                                <p>Permettre aux entreprises de l'industrie alimentaire de franchir les barri\u00e8res g\u00e9ographiques et de faire progresser leur marque \u00e0 l'\u00e9chelle mondiale.<\/p>                                <\/div>\n                            <\/div>\n                                                    <div class=\"td-tab-item tab-pane fade\" id=\"td-tab-number-92222\" role=\"tabpanel\">\n                                <div class=\"td-text-wrapper\">\n\t                                <p>\u00catre le partenaire marketing mondial privil\u00e9gi\u00e9 des entreprises de la cha\u00eene d'approvisionnement alimentaire.<\/p>                                <\/div>\n                            <\/div>\n                                                    <div class=\"td-tab-item tab-pane fade\" id=\"td-tab-number-92223\" role=\"tabpanel\">\n                                <div class=\"td-text-wrapper\">\n\t                                <p>Professionnalisme, fiabilit\u00e9, collaboration, efficacit\u00e9, gagnant-gagnant.<\/p>                                <\/div>\n                            <\/div>\n                                    <\/div>\n\n\t\t<\/div>\n\n\t\t\t\t\t\t<\/div>\n\t\t\t\t<\/div>\n\t\t\t\t<div class=\"elementor-element elementor-element-4ee69c55 elementor-invisible elementor-widget elementor-widget-themedraft_bizkorp_gradient_button_widget\" data-id=\"4ee69c55\" data-element_type=\"widget\" data-e-type=\"widget\" data-widget_type=\"themedraft_bizkorp_gradient_button_widget.default\">\n\t\t\t\t<div class=\"elementor-widget-container\">\n\t\t\t\t\t\n\t\t<div class=\"themedraft-button-wrapper td-button-el-widget wow td-fadeInUp\">\n\n            <a href=\"https:\/\/lionwingnet.com\/fr\/contact\/\" class=\"themedraft-button td-button td-gradient-button themedraft-button-one\" ><span>Commencer maintenant<\/span>\n                                    <i aria-hidden=\"true\" class=\"icon-button-arrow-one\"><\/i>                            <\/a>\n\n\t\t\t\t\t<\/div>\n\t\t\t\t\t\t<\/div>\n\t\t\t\t<\/div>\n\t\t\t\t\t<\/div>\n\t\t<\/div>\n\t\t\t\t\t<\/div>\n\t\t<\/section>\n\t\t\t\t<\/div>","protected":false},"excerpt":{"rendered":"<p>About Us. Brand Marketing Pioneer In an era of sweeping globalization, every brand\u2019s journey of exploration is reshaping its global standing. Born in Singapore\u2014a strategic hub where Eastern and Western cultures converge\u2014LIONWING embodies the regal discernment of a lion to grasp global trends, and the unshackled spirit of wings to transcend geographical bounds. It aspires to be the strategic engine empowering full-chain brands across the food supply chain to navigate and thrive in international markets. LIONWING Unleash the Edge of the Lion, Expand Brand Possibilities without Boundaries LIONWING is an international brand marketing agency specialized in the fields of food, packaging, and additives. We have gathered top-tier talents in market strategy, creative communication, digital growth, cross-border e-commerce, and other domains. With &#8220;brand power + globalization + supply chain mindset&#8221; as our core, we tailor one-stop overseas expansion solutions for enterprises across the entire food industry chain.We deeply understand the complexity of the food industry: from raw material procurement, food processing, functional additives, and packaging innovation, to marketing promotion, end-user reach, and compliant overseas expansion\u2014each link is of vital importance. LIONWING is precisely your all-round partner to connect these key links and achieve the transition from &#8220;product export&#8221; to &#8220;brand globalization.&#8221; 10Y+ Work Experience 60+ Trusted Companies 150 Happy Clients 99% Customer Satisfaction Why Choose Us\uff1f LIONWING SINGAPORE PTE. LTD. Industry-Focused \u00d7 Globally RootedWe serve dozens of companies across the food, packaging, and additives sectors, with deep expertise in industry-specific language, regulatory nuances, and market pain points\u2014empowering us with a strong understanding of the global food supply chain ecosystem. Integrated Thinking \u00d7 End-to-End SolutionsWe go beyond marketing \u2014 empowering clients across the entire value chain, from product development to end-user engagement. Our holistic approach helps brands build lasting competitive moats and break through distribution barriers. Singapore Perspective \u00d7 East-West IntegrationRooted in Asia and connected to the world, LionWing leverages its international creative team\u2019s deep understanding of both Eastern and Western consumer behavior, cultural preferences, and industry standards\u2014empowering your brand to adapt its voice across markets and achieve steady global growth. Get Started Corporate Culture Mission Vision Values Empower enterprises in the food industry to break geographical barriers and achieve global brand leap. To be the preferred global marketing partner for food supply chain enterprises. Professionalism, Reliability, Collaboration, Effectiveness, Win-win. Get Started Now<\/p>","protected":false},"author":1,"featured_media":0,"parent":0,"menu_order":0,"comment_status":"closed","ping_status":"closed","template":"","meta":{"footnotes":""},"class_list":["post-160","page","type-page","status-publish","hentry"],"_links":{"self":[{"href":"https:\/\/lionwingnet.com\/fr\/wp-json\/wp\/v2\/pages\/160","targetHints":{"allow":["GET"]}}],"collection":[{"href":"https:\/\/lionwingnet.com\/fr\/wp-json\/wp\/v2\/pages"}],"about":[{"href":"https:\/\/lionwingnet.com\/fr\/wp-json\/wp\/v2\/types\/page"}],"author":[{"embeddable":true,"href":"https:\/\/lionwingnet.com\/fr\/wp-json\/wp\/v2\/users\/1"}],"replies":[{"embeddable":true,"href":"https:\/\/lionwingnet.com\/fr\/wp-json\/wp\/v2\/comments?post=160"}],"version-history":[{"count":85,"href":"https:\/\/lionwingnet.com\/fr\/wp-json\/wp\/v2\/pages\/160\/revisions"}],"predecessor-version":[{"id":1309,"href":"https:\/\/lionwingnet.com\/fr\/wp-json\/wp\/v2\/pages\/160\/revisions\/1309"}],"wp:attachment":[{"href":"https:\/\/lionwingnet.com\/fr\/wp-json\/wp\/v2\/media?parent=160"}],"curies":[{"name":"wp","href":"https:\/\/api.w.org\/{rel}","templated":true}]}}