{"id":162,"date":"2025-05-22T11:16:05","date_gmt":"2025-05-22T11:16:05","guid":{"rendered":"https:\/\/demo.themedraft.net\/wp\/bizkorp\/?page_id=162"},"modified":"2025-07-10T14:35:13","modified_gmt":"2025-07-10T06:35:13","slug":"servicios","status":"publish","type":"page","link":"https:\/\/lionwingnet.com\/es\/servicios\/","title":{"rendered":"Servicios"},"content":{"rendered":"<div data-elementor-type=\"wp-page\" data-elementor-id=\"162\" class=\"elementor elementor-162\" data-elementor-post-type=\"page\">\n\t\t\t\t\t\t<section class=\"elementor-section elementor-top-section elementor-element elementor-element-58c010f elementor-section-stretched elementor-section-boxed elementor-section-height-default elementor-section-height-default\" data-id=\"58c010f\" data-element_type=\"section\" data-e-type=\"section\" data-settings=\"{&quot;stretch_section&quot;:&quot;section-stretched&quot;}\">\n\t\t\t\t\t\t<div class=\"elementor-container elementor-column-gap-default\">\n\t\t\t\t\t<div class=\"elementor-column elementor-col-100 elementor-top-column elementor-element elementor-element-09a4d90\" data-id=\"09a4d90\" data-element_type=\"column\" data-e-type=\"column\">\n\t\t\t<div class=\"elementor-widget-wrap elementor-element-populated\">\n\t\t\t\t\t\t<div class=\"elementor-element elementor-element-1eb0b89 elementor-widget elementor-widget-themedraft_title_with_text_one\" data-id=\"1eb0b89\" data-element_type=\"widget\" data-e-type=\"widget\" data-widget_type=\"themedraft_title_with_text_one.default\">\n\t\t\t\t<div class=\"elementor-widget-container\">\n\t\t\t\t\t\n        <div class=\"td-section-title-one-wrapper\">\n            <div class=\"td-section-title-one-content wow td-fadeInUp\">\n                                    <div class=\"td-section-title-one-subtitle\">\n                        Nuestros logros                    <\/div>\n                \n                <h2 class=\"td-section-title-one-title\">\n                    Qu\u00e9 podemos hacer por usted                <\/h2>\n                \n                            <\/div>\n        <\/div>\n\n\t\t\t\t\t\t<\/div>\n\t\t\t\t<\/div>\n\t\t\t\t<div class=\"elementor-element elementor-element-cf0751b elementor-invisible elementor-widget elementor-widget-themedraft_text_editor_one\" data-id=\"cf0751b\" data-element_type=\"widget\" data-e-type=\"widget\" data-widget_type=\"themedraft_text_editor_one.default\">\n\t\t\t\t<div class=\"elementor-widget-container\">\n\t\t\t\t\t\n\t\t<div class=\"td-text-editor-text-wrapper\">\n\t\t\t<div class=\"td-text-editor-text wow td-fadeInUp\">\n\t\t\t\t<p><br \/>En una era en la que la globalizaci\u00f3n avanza a pasos agigantados, cada exploraci\u00f3n de una marca determina su posicionamiento en el panorama mundial<\/p>\t\t\t<\/div>\n\t\t<\/div>\n\n\t\t\t\t\t\t<\/div>\n\t\t\t\t<\/div>\n\t\t\t\t\t<\/div>\n\t\t<\/div>\n\t\t\t\t\t<\/div>\n\t\t<\/section>\n\t\t\t\t<section class=\"elementor-section elementor-top-section elementor-element elementor-element-62cb2a9 elementor-section-stretched elementor-section-boxed elementor-section-height-default elementor-section-height-default\" data-id=\"62cb2a9\" data-element_type=\"section\" data-e-type=\"section\" data-settings=\"{&quot;stretch_section&quot;:&quot;section-stretched&quot;}\">\n\t\t\t\t\t\t<div class=\"elementor-container elementor-column-gap-default\">\n\t\t\t\t\t<div class=\"elementor-column elementor-col-100 elementor-top-column elementor-element elementor-element-3bf9b97\" data-id=\"3bf9b97\" data-element_type=\"column\" data-e-type=\"column\">\n\t\t\t<div class=\"elementor-widget-wrap elementor-element-populated\">\n\t\t\t\t\t\t<div class=\"elementor-element elementor-element-bcc0a9c elementor-invisible elementor-widget elementor-widget-themedraft_service_one\" data-id=\"bcc0a9c\" data-element_type=\"widget\" data-e-type=\"widget\" data-widget_type=\"themedraft_service_one.default\">\n\t\t\t\t<div class=\"elementor-widget-container\">\n\t\t\t\t\t\n        <div class=\"td-service-one-wrapper\">\n            <div class=\"service-one row\">\n                                        <div class=\"col-xl-6 col-lg-4 col-md-6\">\n                            <div class=\"td-single-service-one-item wow td-fadeInUp\">\n                                <div class=\"td-service-one-overlay\"><\/div>\n                                <div class=\"td-service-one-hover-image td-cover-bg\" style=\"background-image: url(https:\/\/lionwingnet.com\/wp-content\/uploads\/2025\/07\/lionwingnet1-4-scaled.avif)\"><\/div>\n                                <div class=\"td-service-one-icon\">\n                                    <i aria-hidden=\"true\" class=\"flaticon-computer\"><\/i>                                                                    <\/div>\n                                <h4 class=\"td-service-one-title\">Personalizaci\u00f3n de la estrategia de marca alimentaria<\/h4>\n\n                                <div class=\"td-service-one-desc td-last-p-0\"><p>Con m\u00e1s de una d\u00e9cada de profunda experiencia en el sector alimentario, discernimos las tendencias globales de consumo y el panorama pol\u00edtico para ofrecer soluciones estrat\u00e9gicas integrales, desde el \"perfeccionamiento de las caracter\u00edsticas del producto\" hasta la \"creaci\u00f3n de marcas internacionales\". Aprovechando los estudios de mercado de big data, el an\u00e1lisis de las diferencias culturales y las recomendaciones de envasado de productos, capacitamos a los clientes para lograr un posicionamiento preciso y una implementaci\u00f3n impactante en los mercados extranjeros.<\/p><\/div>\n\n                                <a href=\"https:\/\/lionwingnet.com\/es\/acerca-de-nosotros\/\" class=\"service-one-details-btn\">\n                                    Ver detalles                                <\/a>\n                            <\/div>\n                        <\/div>\n                                            <div class=\"col-xl-6 col-lg-4 col-md-6\">\n                            <div class=\"td-single-service-one-item wow td-fadeInUp\">\n                                <div class=\"td-service-one-overlay\"><\/div>\n                                <div class=\"td-service-one-hover-image td-cover-bg\" style=\"background-image: url(https:\/\/lionwingnet.com\/wp-content\/uploads\/2025\/07\/lionwingnet1-7-scaled.avif)\"><\/div>\n                                <div class=\"td-service-one-icon\">\n                                    <i aria-hidden=\"true\" class=\"td-icon flaticon-design\"><\/i>                                                                    <\/div>\n                                <h4 class=\"td-service-one-title\">Marketing creativo integrado (en l\u00ednea y fuera de l\u00ednea)<\/h4>\n\n                                <div class=\"td-service-one-desc td-last-p-0\"><p>Creamos contenidos visuales virales a medida, planificaci\u00f3n de eventos inmersivos y soluciones de comunicaci\u00f3n multiling\u00fces exclusivamente para los sectores de la alimentaci\u00f3n, el envasado y los aditivos. Adem\u00e1s de ampliar la visibilidad de la marca en las plataformas sociales, tambi\u00e9n destacamos en la integraci\u00f3n de ferias del sector, negociaciones comerciales y actividades experienciales offline para mejorar la credibilidad de la marca y la capacidad de conversi\u00f3n comercial.<\/p><\/div>\n\n                                <a href=\"https:\/\/lionwingnet.com\/es\/acerca-de-nosotros\/\" class=\"service-one-details-btn\">\n                                    Ver detalles                                <\/a>\n                            <\/div>\n                        <\/div>\n                                            <div class=\"col-xl-6 col-lg-4 col-md-6\">\n                            <div class=\"td-single-service-one-item wow td-fadeInUp\">\n                                <div class=\"td-service-one-overlay\"><\/div>\n                                <div class=\"td-service-one-hover-image td-cover-bg\" style=\"background-image: url(https:\/\/lionwingnet.com\/wp-content\/uploads\/2025\/07\/lionwingnet1-5-scaled.avif)\"><\/div>\n                                <div class=\"td-service-one-icon\">\n                                    <i aria-hidden=\"true\" class=\"td-icon flaticon-cyber-security-1\"><\/i>                                                                    <\/div>\n                                <h4 class=\"td-service-one-title\">Operaciones transfronterizas de crecimiento digital<\/h4>\n\n                                <div class=\"td-service-one-desc td-last-p-0\"><p>Hemos establecido un sistema de operaci\u00f3n de dominios privados basado en an\u00e1lisis inteligente y potenciado por IA, que construye un circuito cerrado completo para las empresas alimentarias, que abarca desde la adquisici\u00f3n de tr\u00e1fico y la atracci\u00f3n de clientes hasta la conversi\u00f3n y la retenci\u00f3n. Nuestros servicios abarcan la gesti\u00f3n de tiendas de comercio electr\u00f3nico transfronterizas, la optimizaci\u00f3n de palabras clave, las soluciones de retenci\u00f3n de usuarios, as\u00ed como la promoci\u00f3n de b\u00fasquedas profesionales centradas en B2B (como la expansi\u00f3n de bases de datos de plataformas\/industrias B2B).<\/p><\/div>\n\n                                <a href=\"https:\/\/lionwingnet.com\/es\/acerca-de-nosotros\/\" class=\"service-one-details-btn\">\n                                    Ver detalles                                <\/a>\n                            <\/div>\n                        <\/div>\n                                            <div class=\"col-xl-6 col-lg-4 col-md-6\">\n                            <div class=\"td-single-service-one-item wow td-fadeInUp\">\n                                <div class=\"td-service-one-overlay\"><\/div>\n                                <div class=\"td-service-one-hover-image td-cover-bg\" style=\"background-image: url(https:\/\/lionwingnet.com\/wp-content\/uploads\/2025\/07\/823747e4b803aba77762fd23af901e7b.avif)\"><\/div>\n                                <div class=\"td-service-one-icon\">\n                                    <i aria-hidden=\"true\" class=\"td-icon flaticon-promotion\"><\/i>                                                                    <\/div>\n                                <h4 class=\"td-service-one-title\">Consultor\u00eda internacional sobre comunicaci\u00f3n y cumplimiento<\/h4>\n\n                                <div class=\"td-service-one-desc td-last-p-0\"><p>Consultor\u00eda internacional sobre comunicaci\u00f3n y cumplimiento<br \/>Ayudamos a las empresas a introducirse r\u00e1pidamente en mercados tan diversos como Europa, Am\u00e9rica, Sudeste Asi\u00e1tico y Oriente Medio, cubriendo los pasos clave de la industria alimentaria: desde el registro de productos, la traducci\u00f3n de certificaciones y la localizaci\u00f3n de materiales de marketing hasta el acoplamiento a medios\/plataformas. Esto permite una \"comunicaci\u00f3n global + expresi\u00f3n localizada\" verdaderamente significativa.<\/p><\/div>\n\n                                <a href=\"https:\/\/lionwingnet.com\/es\/acerca-de-nosotros\/\" class=\"service-one-details-btn\">\n                                    Ver detalles                                <\/a>\n                            <\/div>\n                        <\/div>\n                                <\/div>\n\n        <\/div>\n\t\t\t\t\t\t<\/div>\n\t\t\t\t<\/div>\n\t\t\t\t\t<\/div>\n\t\t<\/div>\n\t\t\t\t\t<\/div>\n\t\t<\/section>\n\t\t\t\t<\/div>","protected":false},"excerpt":{"rendered":"<p>Our Achievement What We Can Do for You In an era where globalization surges forward, every exploration of a brand shapes its positioning in the global landscape Food Brand Strategy Customization With over a decade of deep expertise in the food industry, we discern global consumer trends and policy landscapes to deliver end-to-end strategic solutions\u2014from &#8220;product feature refinement&#8221; to &#8220;international brand building.&#8221; Leveraging big data market research, cultural difference analysis, and product packaging recommendations, we empower clients to achieve precise positioning and impactful implementation in overseas markets. View Details Creative Integrated Marketing (Online + Offline) We craft tailor-made viral visual content, immersive event planning, and multilingual communication solutions exclusively for the food, packaging, and additives industries. While amplifying brand visibility on social platforms, we also excel at integrating industry exhibitions, trade negotiations, and offline experiential activities to enhance brand credibility and commercial conversion capabilities. View Details Cross-Border Digital Growth Operations We have established an AI-powered intelligent analysis-based private domain operation system, building a complete closed loop for food enterprises\u2014spanning from traffic acquisition and customer attraction to conversion and retention. Our services cover cross-border e-commerce store management, keyword optimization, user retention solutions, as well as B2B-focused professional search promotion (such as B2B platform\/industry database expansion). View Details International Communication &#038; Compliance Consulting International Communication &amp; Compliance ConsultingWe assist enterprises in rapidly entering diverse markets such as Europe, America, Southeast Asia, and the Middle East, covering key steps in the food industry\u2014from product registration, certification translation, and localization of marketing materials to media\/platform docking. This enables truly meaningful &#8220;global communication + localized expression.&#8221; View Details<\/p>","protected":false},"author":1,"featured_media":0,"parent":0,"menu_order":0,"comment_status":"closed","ping_status":"closed","template":"","meta":{"footnotes":""},"class_list":["post-162","page","type-page","status-publish","hentry"],"_links":{"self":[{"href":"https:\/\/lionwingnet.com\/es\/wp-json\/wp\/v2\/pages\/162","targetHints":{"allow":["GET"]}}],"collection":[{"href":"https:\/\/lionwingnet.com\/es\/wp-json\/wp\/v2\/pages"}],"about":[{"href":"https:\/\/lionwingnet.com\/es\/wp-json\/wp\/v2\/types\/page"}],"author":[{"embeddable":true,"href":"https:\/\/lionwingnet.com\/es\/wp-json\/wp\/v2\/users\/1"}],"replies":[{"embeddable":true,"href":"https:\/\/lionwingnet.com\/es\/wp-json\/wp\/v2\/comments?post=162"}],"version-history":[{"count":28,"href":"https:\/\/lionwingnet.com\/es\/wp-json\/wp\/v2\/pages\/162\/revisions"}],"predecessor-version":[{"id":1283,"href":"https:\/\/lionwingnet.com\/es\/wp-json\/wp\/v2\/pages\/162\/revisions\/1283"}],"wp:attachment":[{"href":"https:\/\/lionwingnet.com\/es\/wp-json\/wp\/v2\/media?parent=162"}],"curies":[{"name":"wp","href":"https:\/\/api.w.org\/{rel}","templated":true}]}}