{"id":160,"date":"2025-05-22T11:15:04","date_gmt":"2025-05-22T11:15:04","guid":{"rendered":"https:\/\/demo.themedraft.net\/wp\/bizkorp\/?page_id=160"},"modified":"2025-07-10T16:23:12","modified_gmt":"2025-07-10T08:23:12","slug":"acerca-de-nosotros","status":"publish","type":"page","link":"https:\/\/lionwingnet.com\/es\/acerca-de-nosotros\/","title":{"rendered":"Qui\u00e9nes somos"},"content":{"rendered":"<div data-elementor-type=\"wp-page\" data-elementor-id=\"160\" class=\"elementor elementor-160\" data-elementor-post-type=\"page\">\n\t\t\t\t\t\t<section class=\"elementor-section elementor-top-section elementor-element elementor-element-783b687 elementor-section-stretched elementor-section-boxed elementor-section-height-default elementor-section-height-default\" data-id=\"783b687\" data-element_type=\"section\" data-e-type=\"section\" data-settings=\"{&quot;stretch_section&quot;:&quot;section-stretched&quot;}\">\n\t\t\t\t\t\t<div class=\"elementor-container elementor-column-gap-default\">\n\t\t\t\t\t<div class=\"elementor-column elementor-col-33 elementor-top-column elementor-element elementor-element-7ae3c42\" data-id=\"7ae3c42\" data-element_type=\"column\" data-e-type=\"column\">\n\t\t\t<div class=\"elementor-widget-wrap elementor-element-populated\">\n\t\t\t\t\t\t<div class=\"elementor-element elementor-element-b951137 elementor-widget elementor-widget-themedraft_title_with_text_one\" data-id=\"b951137\" data-element_type=\"widget\" data-e-type=\"widget\" data-widget_type=\"themedraft_title_with_text_one.default\">\n\t\t\t\t<div class=\"elementor-widget-container\">\n\t\t\t\t\t\n        <div class=\"td-section-title-one-wrapper\">\n            <div class=\"td-section-title-one-content wow td-fadeInUp\">\n                                    <div class=\"td-section-title-one-subtitle\">\n                        Qui\u00e9nes somos.                    <\/div>\n                \n                <h2 class=\"td-section-title-one-title\">\n                    Pionero del marketing de marca                <\/h2>\n                \n                            <\/div>\n        <\/div>\n\n\t\t\t\t\t\t<\/div>\n\t\t\t\t<\/div>\n\t\t\t\t<div class=\"elementor-element elementor-element-117507a elementor-invisible elementor-widget elementor-widget-themedraft_text_editor_one\" data-id=\"117507a\" data-element_type=\"widget\" data-e-type=\"widget\" data-widget_type=\"themedraft_text_editor_one.default\">\n\t\t\t\t<div class=\"elementor-widget-container\">\n\t\t\t\t\t\n\t\t<div class=\"td-text-editor-text-wrapper\">\n\t\t\t<div class=\"td-text-editor-text wow td-fadeInUp left-border-enable\">\n\t\t\t\t<p>En una era de globalizaci\u00f3n arrolladora, el viaje de exploraci\u00f3n de cada marca est\u00e1 reconfigurando su posici\u00f3n global. Nacida en Singapur -un centro estrat\u00e9gico donde convergen las culturas orientales y occidentales- Lionwing encarna el regio discernimiento de un le\u00f3n para captar las tendencias mundiales, y el esp\u00edritu sin trabas de las alas para trascender los l\u00edmites geogr\u00e1ficos. Aspira a ser el motor estrat\u00e9gico que permita a las marcas de toda la cadena alimentaria navegar y prosperar en los mercados internacionales.<\/p>\t\t\t<\/div>\n\t\t<\/div>\n\n\t\t\t\t\t\t<\/div>\n\t\t\t\t<\/div>\n\t\t\t\t\t<\/div>\n\t\t<\/div>\n\t\t\t\t<div class=\"elementor-column elementor-col-66 elementor-top-column elementor-element elementor-element-86795e5\" data-id=\"86795e5\" data-element_type=\"column\" data-e-type=\"column\">\n\t\t\t<div class=\"elementor-widget-wrap elementor-element-populated\">\n\t\t\t\t\t\t<div class=\"elementor-element elementor-element-425b81a elementor-invisible elementor-widget elementor-widget-themedraft_image_one\" data-id=\"425b81a\" data-element_type=\"widget\" data-e-type=\"widget\" data-widget_type=\"themedraft_image_one.default\">\n\t\t\t\t<div class=\"elementor-widget-container\">\n\t\t\t\t\t\n\t\t<div class=\"td-image-one-wrapper td-counter-box-98687\">\n\t\t\t<div class=\"td-image-one wow td-right-to-left\">\n\t\t\t\t<img decoding=\"async\" src=\"https:\/\/lionwingnet.com\/wp-content\/uploads\/2025\/07\/2b09361ed861cacd078ac7546ab9fcbf.png\" alt=\"\" title=\"Marketing\">\n\t\t\t\t\t\t\t<\/div>\n\t\t<\/div>\n\n        <script>\n            (function ($) {\n                \"use strict\";\n                \/*====  Document Ready Function =====*\/\n                jQuery(document).ready(function($){\n                    $(\".td-counter-box-98687 .td-count-number\").counterUp({\n                        delay: 10,\n                        time: 2000\n                    });\n                });\n            }(jQuery));\n        <\/script>\n\t\t\t\t\t\t<\/div>\n\t\t\t\t<\/div>\n\t\t\t\t\t<\/div>\n\t\t<\/div>\n\t\t\t\t\t<\/div>\n\t\t<\/section>\n\t\t\t\t<section class=\"elementor-section elementor-top-section elementor-element elementor-element-ccd7e9c elementor-section-stretched elementor-section-boxed elementor-section-height-default elementor-section-height-default\" data-id=\"ccd7e9c\" data-element_type=\"section\" data-e-type=\"section\" data-settings=\"{&quot;stretch_section&quot;:&quot;section-stretched&quot;}\">\n\t\t\t\t\t\t<div class=\"elementor-container elementor-column-gap-default\">\n\t\t\t\t\t<div class=\"elementor-column elementor-col-100 elementor-top-column elementor-element elementor-element-6468558\" data-id=\"6468558\" data-element_type=\"column\" data-e-type=\"column\">\n\t\t\t<div class=\"elementor-widget-wrap elementor-element-populated\">\n\t\t\t\t\t\t<div class=\"elementor-element elementor-element-065ef35 elementor-widget elementor-widget-themedraft_title_with_text_one\" data-id=\"065ef35\" data-element_type=\"widget\" data-e-type=\"widget\" data-widget_type=\"themedraft_title_with_text_one.default\">\n\t\t\t\t<div class=\"elementor-widget-container\">\n\t\t\t\t\t\n        <div class=\"td-section-title-one-wrapper\">\n            <div class=\"td-section-title-one-content wow td-left-to-right\">\n                                    <div class=\"td-section-title-one-subtitle\">\n                        LIONWING                     <\/div>\n                \n                <h2 class=\"td-section-title-one-title\">\n                    Libere el filo del le\u00f3n, ampl\u00ede las posibilidades de la marca sin l\u00edmites                <\/h2>\n                \n                                <div class=\"section-desc-wrapper\">\n                    <p>LIONWING es una agencia internacional de marketing de marcas especializada en los campos de la alimentaci\u00f3n, los envases y los aditivos. Hemos reunido talentos de primer nivel en estrategia de mercado, comunicaci\u00f3n creativa, crecimiento digital, comercio electr\u00f3nico transfronterizo y otros \u00e1mbitos. Con \"el poder de la marca + la globalizaci\u00f3n + la mentalidad de la cadena de suministro\" como nuestro n\u00facleo, adaptamos soluciones integrales de expansi\u00f3n en el extranjero para empresas de toda la cadena de la industria alimentaria.<br \/>Comprendemos profundamente la complejidad de la industria alimentaria: desde la adquisici\u00f3n de materias primas, el procesado de alimentos, los aditivos funcionales y la innovaci\u00f3n en el envasado, hasta la promoci\u00f3n del marketing, el alcance del usuario final y la cumplida expansi\u00f3n en el extranjero, cada eslab\u00f3n es de vital importancia. LIONWING es precisamente su socio integral para conectar estos eslabones clave y lograr la transici\u00f3n de la \"exportaci\u00f3n de productos\" a la \"globalizaci\u00f3n de marcas\".<\/p>                <\/div>\n                            <\/div>\n        <\/div>\n\n\t\t\t\t\t\t<\/div>\n\t\t\t\t<\/div>\n\t\t\t\t<div class=\"elementor-element elementor-element-752c702 elementor-invisible elementor-widget elementor-widget-themedraft_counter_up_one\" data-id=\"752c702\" data-element_type=\"widget\" data-e-type=\"widget\" data-widget_type=\"themedraft_counter_up_one.default\">\n\t\t\t\t<div class=\"elementor-widget-container\">\n\t\t\t\t\t\t\t<div class=\"counter-up-one-wrapper td-counter-box-97539\">\n\t\t\t<div class=\"row\">\n\t\t\t\t\t\t\t\t\t\t<div class=\"col-xl-3 col-lg-3 col-md-6 col-6  wow td-fadeInUp\">\n\t\t\t\t\t\t\t<div class=\"td-counter-box-one\">\n\t\t\t\t\t\t\t\t<div class=\"td-count-one-content\">\n\t\t\t\t\t\t\t\t\t<div class=\"td-count-number-and-unit\">\n\t\t\t\t\t\t\t\t\t\t<span class=\"td-count-number\">10<\/span>Y+\t\t\t\t\t\t\t\t\t<\/div>\n\n\t\t\t\t\t\t\t\t\t<div class=\"td-count-one-title\">Experiencia laboral<\/div>\n\t\t\t\t\t\t\t\t<\/div>\n\t\t\t\t\t\t\t<\/div>\n\t\t\t\t\t\t<\/div>\n\t\t\t\t\t\t\t\t\t\t\t\t<div class=\"col-xl-3 col-lg-3 col-md-6 col-6  wow td-fadeInUp\">\n\t\t\t\t\t\t\t<div class=\"td-counter-box-one\">\n\t\t\t\t\t\t\t\t<div class=\"td-count-one-content\">\n\t\t\t\t\t\t\t\t\t<div class=\"td-count-number-and-unit\">\n\t\t\t\t\t\t\t\t\t\t<span class=\"td-count-number\">60<\/span>+\t\t\t\t\t\t\t\t\t<\/div>\n\n\t\t\t\t\t\t\t\t\t<div class=\"td-count-one-title\">Empresas de confianza<\/div>\n\t\t\t\t\t\t\t\t<\/div>\n\t\t\t\t\t\t\t<\/div>\n\t\t\t\t\t\t<\/div>\n\t\t\t\t\t\t\t\t\t\t\t\t<div class=\"col-xl-3 col-lg-3 col-md-6 col-6  wow td-fadeInUp\">\n\t\t\t\t\t\t\t<div class=\"td-counter-box-one\">\n\t\t\t\t\t\t\t\t<div class=\"td-count-one-content\">\n\t\t\t\t\t\t\t\t\t<div class=\"td-count-number-and-unit\">\n\t\t\t\t\t\t\t\t\t\t<span class=\"td-count-number\">150<\/span>\t\t\t\t\t\t\t\t\t<\/div>\n\n\t\t\t\t\t\t\t\t\t<div class=\"td-count-one-title\">Clientes satisfechos<\/div>\n\t\t\t\t\t\t\t\t<\/div>\n\t\t\t\t\t\t\t<\/div>\n\t\t\t\t\t\t<\/div>\n\t\t\t\t\t\t\t\t\t\t\t\t<div class=\"col-xl-3 col-lg-3 col-md-6 col-6  wow td-fadeInUp\">\n\t\t\t\t\t\t\t<div class=\"td-counter-box-one\">\n\t\t\t\t\t\t\t\t<div class=\"td-count-one-content\">\n\t\t\t\t\t\t\t\t\t<div class=\"td-count-number-and-unit\">\n\t\t\t\t\t\t\t\t\t\t<span class=\"td-count-number\">99<\/span>%\t\t\t\t\t\t\t\t\t<\/div>\n\n\t\t\t\t\t\t\t\t\t<div class=\"td-count-one-title\">Satisfacci\u00f3n del cliente<\/div>\n\t\t\t\t\t\t\t\t<\/div>\n\t\t\t\t\t\t\t<\/div>\n\t\t\t\t\t\t<\/div>\n\t\t\t\t\t\t\t\t\t<\/div>\n\n\t\t<\/div>\n\n\t\t<script>\n            (function ($) {\n                \"use strict\";\n                \/*====  Document Ready Function =====*\/\n                jQuery(document).ready(function($){\n                    $(\".td-counter-box-97539 .td-count-number\").counterUp({\n                        delay: 10,\n                        time: 2000\n                    });\n                });\n            }(jQuery));\n\t\t<\/script>\n\t\t\t\t\t\t<\/div>\n\t\t\t\t<\/div>\n\t\t\t\t\t<\/div>\n\t\t<\/div>\n\t\t\t\t\t<\/div>\n\t\t<\/section>\n\t\t\t\t<section class=\"elementor-section elementor-top-section elementor-element elementor-element-777b61be elementor-section-stretched elementor-section-boxed elementor-section-height-default elementor-section-height-default\" data-id=\"777b61be\" data-element_type=\"section\" data-e-type=\"section\" data-settings=\"{&quot;stretch_section&quot;:&quot;section-stretched&quot;,&quot;background_background&quot;:&quot;classic&quot;}\">\n\t\t\t\t\t\t<div class=\"elementor-container elementor-column-gap-default\">\n\t\t\t\t\t<div class=\"elementor-column elementor-col-50 elementor-top-column elementor-element elementor-element-12723627\" data-id=\"12723627\" data-element_type=\"column\" data-e-type=\"column\">\n\t\t\t<div class=\"elementor-widget-wrap elementor-element-populated\">\n\t\t\t\t\t\t<div class=\"elementor-element elementor-element-346ac83 elementor-invisible elementor-widget elementor-widget-themedraft_image_one\" data-id=\"346ac83\" data-element_type=\"widget\" data-e-type=\"widget\" data-widget_type=\"themedraft_image_one.default\">\n\t\t\t\t<div class=\"elementor-widget-container\">\n\t\t\t\t\t\n\t\t<div class=\"td-image-one-wrapper td-counter-box-59257\">\n\t\t\t<div class=\"td-image-one wow td-left-to-right\">\n\t\t\t\t<img decoding=\"async\" src=\"https:\/\/lionwingnet.com\/wp-content\/uploads\/2025\/06\/banner2.jpg\" alt=\"\" title=\"banner2\">\n\t\t\t\t\t\t\t<\/div>\n\t\t<\/div>\n\n        <script>\n            (function ($) {\n                \"use strict\";\n                \/*====  Document Ready Function =====*\/\n                jQuery(document).ready(function($){\n                    $(\".td-counter-box-59257 .td-count-number\").counterUp({\n                        delay: 10,\n                        time: 2000\n                    });\n                });\n            }(jQuery));\n        <\/script>\n\t\t\t\t\t\t<\/div>\n\t\t\t\t<\/div>\n\t\t\t\t\t<\/div>\n\t\t<\/div>\n\t\t\t\t<div class=\"elementor-column elementor-col-50 elementor-top-column elementor-element elementor-element-31ff96ce\" data-id=\"31ff96ce\" data-element_type=\"column\" data-e-type=\"column\">\n\t\t\t<div class=\"elementor-widget-wrap elementor-element-populated\">\n\t\t\t\t\t\t<div class=\"elementor-element elementor-element-64b289d7 elementor-widget elementor-widget-themedraft_title_with_text_one\" data-id=\"64b289d7\" data-element_type=\"widget\" data-e-type=\"widget\" data-widget_type=\"themedraft_title_with_text_one.default\">\n\t\t\t\t<div class=\"elementor-widget-container\">\n\t\t\t\t\t\n        <div class=\"td-section-title-one-wrapper\">\n            <div class=\"td-section-title-one-content wow td-fadeInUp\">\n                                    <div class=\"td-section-title-one-subtitle\">\n                        Por qu\u00e9 elegirnos\uff1f                    <\/div>\n                \n                <h2 class=\"td-section-title-one-title\">\n                    LIONWING SINGAPUR PTE. LTD.                 <\/h2>\n                \n                                <div class=\"section-desc-wrapper\">\n                    <p>Centrados en el sector \u00d7 Arraigados en todo el mundo<br \/>Prestamos servicio a docenas de empresas de los sectores de la alimentaci\u00f3n, el envasado y los aditivos, y contamos con una gran experiencia en el lenguaje espec\u00edfico del sector, los matices normativos y los puntos d\u00e9biles del mercado, lo que nos permite conocer a la perfecci\u00f3n el ecosistema global de la cadena de suministro alimentario.<\/p><p>Pensamiento integrado \u00d7 Soluciones integrales<br \/>Vamos m\u00e1s all\u00e1 del marketing: ayudamos a los clientes en toda la cadena de valor, desde el desarrollo del producto hasta la participaci\u00f3n del usuario final. Nuestro enfoque hol\u00edstico ayuda a las marcas a construir fosos competitivos duraderos y a superar las barreras de la distribuci\u00f3n.<\/p><p>Perspectiva de Singapur \u00d7 Integraci\u00f3n Este-Oeste<br \/>Arraigada en Asia y conectada con el mundo, LionWing aprovecha el profundo conocimiento que su equipo creativo internacional tiene del comportamiento del consumidor, las preferencias culturales y las normas del sector tanto en Oriente como en Occidente, lo que permite a su marca adaptar su voz en todos los mercados y lograr un crecimiento global constante.<\/p>                <\/div>\n                            <\/div>\n        <\/div>\n\n\t\t\t\t\t\t<\/div>\n\t\t\t\t<\/div>\n\t\t\t\t<div class=\"elementor-element elementor-element-167ac31a elementor-invisible elementor-widget elementor-widget-themedraft_bizkorp_gradient_button_widget\" data-id=\"167ac31a\" data-element_type=\"widget\" data-e-type=\"widget\" data-widget_type=\"themedraft_bizkorp_gradient_button_widget.default\">\n\t\t\t\t<div class=\"elementor-widget-container\">\n\t\t\t\t\t\n\t\t<div class=\"themedraft-button-wrapper td-button-el-widget wow td-fadeInUp\">\n\n            <a href=\"https:\/\/lionwingnet.com\/es\/acerca-de-nosotros\/\" class=\"themedraft-button td-button td-gradient-button themedraft-button-one\" ><span>Comenzar<\/span>\n                                    <i aria-hidden=\"true\" class=\"icon-button-arrow-one\"><\/i>                            <\/a>\n\n\t\t\t\t\t<\/div>\n\t\t\t\t\t\t<\/div>\n\t\t\t\t<\/div>\n\t\t\t\t\t<\/div>\n\t\t<\/div>\n\t\t\t\t\t<\/div>\n\t\t<\/section>\n\t\t\t\t<section class=\"elementor-section elementor-top-section elementor-element elementor-element-c492dcc elementor-section-stretched elementor-section-boxed elementor-section-height-default elementor-section-height-default\" data-id=\"c492dcc\" data-element_type=\"section\" data-e-type=\"section\" data-settings=\"{&quot;stretch_section&quot;:&quot;section-stretched&quot;}\">\n\t\t\t\t\t\t<div class=\"elementor-container elementor-column-gap-default\">\n\t\t\t\t\t<div class=\"elementor-column elementor-col-100 elementor-top-column elementor-element elementor-element-22f9473e\" data-id=\"22f9473e\" data-element_type=\"column\" data-e-type=\"column\">\n\t\t\t<div class=\"elementor-widget-wrap elementor-element-populated\">\n\t\t\t\t\t\t<div class=\"elementor-element elementor-element-1d04c4cd elementor-widget elementor-widget-themedraft_title_with_text_one\" data-id=\"1d04c4cd\" data-element_type=\"widget\" data-e-type=\"widget\" data-widget_type=\"themedraft_title_with_text_one.default\">\n\t\t\t\t<div class=\"elementor-widget-container\">\n\t\t\t\t\t\n        <div class=\"td-section-title-one-wrapper\">\n            <div class=\"td-section-title-one-content wow td-fadeInUp\">\n                                    <div class=\"td-section-title-one-subtitle\">\n                        Cultura de empresa                    <\/div>\n                \n                <h2 class=\"td-section-title-one-title\">\n                                    <\/h2>\n                \n                            <\/div>\n        <\/div>\n\n\t\t\t\t\t\t<\/div>\n\t\t\t\t<\/div>\n\t\t\t\t\t<\/div>\n\t\t<\/div>\n\t\t\t\t\t<\/div>\n\t\t<\/section>\n\t\t\t\t<section class=\"elementor-section elementor-top-section elementor-element elementor-element-6b79fb28 elementor-section-stretched elementor-section-boxed elementor-section-height-default elementor-section-height-default\" data-id=\"6b79fb28\" data-element_type=\"section\" data-e-type=\"section\" data-settings=\"{&quot;stretch_section&quot;:&quot;section-stretched&quot;}\">\n\t\t\t\t\t\t<div class=\"elementor-container elementor-column-gap-default\">\n\t\t\t\t\t<div class=\"elementor-column elementor-col-50 elementor-top-column elementor-element elementor-element-11d27306 elementor-hidden-tablet elementor-hidden-mobile\" data-id=\"11d27306\" data-element_type=\"column\" data-e-type=\"column\">\n\t\t\t<div class=\"elementor-widget-wrap elementor-element-populated\">\n\t\t\t\t\t\t<div class=\"elementor-element elementor-element-7d7d7910 elementor-invisible elementor-widget elementor-widget-themedraft_image_one\" data-id=\"7d7d7910\" data-element_type=\"widget\" data-e-type=\"widget\" data-widget_type=\"themedraft_image_one.default\">\n\t\t\t\t<div class=\"elementor-widget-container\">\n\t\t\t\t\t\n\t\t<div class=\"td-image-one-wrapper td-counter-box-61318\">\n\t\t\t<div class=\"td-image-one wow td-left-to-right\">\n\t\t\t\t<img decoding=\"async\" src=\"https:\/\/lionwingnet.com\/wp-content\/uploads\/2025\/07\/e0bfa4df7a8b3afe0f720594fa96ac80.png\" alt=\"\" title=\"e0bfa4df7a8b3afe0f720594fa96ac80\">\n\t\t\t\t\t\t\t<\/div>\n\t\t<\/div>\n\n        <script>\n            (function ($) {\n                \"use strict\";\n                \/*====  Document Ready Function =====*\/\n                jQuery(document).ready(function($){\n                    $(\".td-counter-box-61318 .td-count-number\").counterUp({\n                        delay: 10,\n                        time: 2000\n                    });\n                });\n            }(jQuery));\n        <\/script>\n\t\t\t\t\t\t<\/div>\n\t\t\t\t<\/div>\n\t\t\t\t\t<\/div>\n\t\t<\/div>\n\t\t\t\t<div class=\"elementor-column elementor-col-50 elementor-top-column elementor-element elementor-element-145f7c3a\" data-id=\"145f7c3a\" data-element_type=\"column\" data-e-type=\"column\">\n\t\t\t<div class=\"elementor-widget-wrap elementor-element-populated\">\n\t\t\t\t\t\t<div class=\"elementor-element elementor-element-4e18914c elementor-invisible elementor-widget elementor-widget-themedraft_tab_one\" data-id=\"4e18914c\" data-element_type=\"widget\" data-e-type=\"widget\" data-widget_type=\"themedraft_tab_one.default\">\n\t\t\t\t<div class=\"elementor-widget-container\">\n\t\t\t\t\t\n\t\t<div class=\"td-bizkorp-tab-wrapper wow td-fadeInUp\">\n            <div class=\"nav nav-tabs\" role=\"tablist\">\n                                        <button class=\"nav-link active\" data-bs-toggle=\"tab\" data-bs-target=\"#td-tab-number-26471\" type=\"button\" role=\"tab\">\n                            Misi\u00f3n                        <\/button>\n                                            <button class=\"nav-link\" data-bs-toggle=\"tab\" data-bs-target=\"#td-tab-number-26472\" type=\"button\" role=\"tab\">\n                            Visi\u00f3n                        <\/button>\n                                            <button class=\"nav-link\" data-bs-toggle=\"tab\" data-bs-target=\"#td-tab-number-26473\" type=\"button\" role=\"tab\">\n                            Valores                        <\/button>\n                                <\/div>\n\n            <div class=\"tab-content\">\n                                            <div class=\"td-tab-item tab-pane fade active show\" id=\"td-tab-number-26471\" role=\"tabpanel\">\n                                <div class=\"td-text-wrapper\">\n\t                                <p>Capacitar a las empresas de la industria alimentaria para romper las barreras geogr\u00e1ficas y lograr un salto de marca mundial.<\/p>                                <\/div>\n                            <\/div>\n                                                    <div class=\"td-tab-item tab-pane fade\" id=\"td-tab-number-26472\" role=\"tabpanel\">\n                                <div class=\"td-text-wrapper\">\n\t                                <p>Ser el socio de marketing mundial preferido de las empresas de la cadena de suministro alimentario.<\/p>                                <\/div>\n                            <\/div>\n                                                    <div class=\"td-tab-item tab-pane fade\" id=\"td-tab-number-26473\" role=\"tabpanel\">\n                                <div class=\"td-text-wrapper\">\n\t                                <p>Profesionalidad, Fiabilidad, Colaboraci\u00f3n, Eficacia, Ganar-ganar.<\/p>                                <\/div>\n                            <\/div>\n                                    <\/div>\n\n\t\t<\/div>\n\n\t\t\t\t\t\t<\/div>\n\t\t\t\t<\/div>\n\t\t\t\t<div class=\"elementor-element elementor-element-4ee69c55 elementor-invisible elementor-widget elementor-widget-themedraft_bizkorp_gradient_button_widget\" data-id=\"4ee69c55\" data-element_type=\"widget\" data-e-type=\"widget\" data-widget_type=\"themedraft_bizkorp_gradient_button_widget.default\">\n\t\t\t\t<div class=\"elementor-widget-container\">\n\t\t\t\t\t\n\t\t<div class=\"themedraft-button-wrapper td-button-el-widget wow td-fadeInUp\">\n\n            <a href=\"https:\/\/lionwingnet.com\/es\/pongase-en-contacto-con\/\" class=\"themedraft-button td-button td-gradient-button themedraft-button-one\" ><span>Empezar ahora<\/span>\n                                    <i aria-hidden=\"true\" class=\"icon-button-arrow-one\"><\/i>                            <\/a>\n\n\t\t\t\t\t<\/div>\n\t\t\t\t\t\t<\/div>\n\t\t\t\t<\/div>\n\t\t\t\t\t<\/div>\n\t\t<\/div>\n\t\t\t\t\t<\/div>\n\t\t<\/section>\n\t\t\t\t<\/div>","protected":false},"excerpt":{"rendered":"<p>About Us. Brand Marketing Pioneer In an era of sweeping globalization, every brand\u2019s journey of exploration is reshaping its global standing. Born in Singapore\u2014a strategic hub where Eastern and Western cultures converge\u2014LIONWING embodies the regal discernment of a lion to grasp global trends, and the unshackled spirit of wings to transcend geographical bounds. It aspires to be the strategic engine empowering full-chain brands across the food supply chain to navigate and thrive in international markets. LIONWING Unleash the Edge of the Lion, Expand Brand Possibilities without Boundaries LIONWING is an international brand marketing agency specialized in the fields of food, packaging, and additives. We have gathered top-tier talents in market strategy, creative communication, digital growth, cross-border e-commerce, and other domains. With &#8220;brand power + globalization + supply chain mindset&#8221; as our core, we tailor one-stop overseas expansion solutions for enterprises across the entire food industry chain.We deeply understand the complexity of the food industry: from raw material procurement, food processing, functional additives, and packaging innovation, to marketing promotion, end-user reach, and compliant overseas expansion\u2014each link is of vital importance. LIONWING is precisely your all-round partner to connect these key links and achieve the transition from &#8220;product export&#8221; to &#8220;brand globalization.&#8221; 10Y+ Work Experience 60+ Trusted Companies 150 Happy Clients 99% Customer Satisfaction Why Choose Us\uff1f LIONWING SINGAPORE PTE. LTD. Industry-Focused \u00d7 Globally RootedWe serve dozens of companies across the food, packaging, and additives sectors, with deep expertise in industry-specific language, regulatory nuances, and market pain points\u2014empowering us with a strong understanding of the global food supply chain ecosystem. Integrated Thinking \u00d7 End-to-End SolutionsWe go beyond marketing \u2014 empowering clients across the entire value chain, from product development to end-user engagement. Our holistic approach helps brands build lasting competitive moats and break through distribution barriers. Singapore Perspective \u00d7 East-West IntegrationRooted in Asia and connected to the world, LionWing leverages its international creative team\u2019s deep understanding of both Eastern and Western consumer behavior, cultural preferences, and industry standards\u2014empowering your brand to adapt its voice across markets and achieve steady global growth. Get Started Corporate Culture Mission Vision Values Empower enterprises in the food industry to break geographical barriers and achieve global brand leap. To be the preferred global marketing partner for food supply chain enterprises. Professionalism, Reliability, Collaboration, Effectiveness, Win-win. Get Started Now<\/p>","protected":false},"author":1,"featured_media":0,"parent":0,"menu_order":0,"comment_status":"closed","ping_status":"closed","template":"","meta":{"footnotes":""},"class_list":["post-160","page","type-page","status-publish","hentry"],"_links":{"self":[{"href":"https:\/\/lionwingnet.com\/es\/wp-json\/wp\/v2\/pages\/160","targetHints":{"allow":["GET"]}}],"collection":[{"href":"https:\/\/lionwingnet.com\/es\/wp-json\/wp\/v2\/pages"}],"about":[{"href":"https:\/\/lionwingnet.com\/es\/wp-json\/wp\/v2\/types\/page"}],"author":[{"embeddable":true,"href":"https:\/\/lionwingnet.com\/es\/wp-json\/wp\/v2\/users\/1"}],"replies":[{"embeddable":true,"href":"https:\/\/lionwingnet.com\/es\/wp-json\/wp\/v2\/comments?post=160"}],"version-history":[{"count":85,"href":"https:\/\/lionwingnet.com\/es\/wp-json\/wp\/v2\/pages\/160\/revisions"}],"predecessor-version":[{"id":1309,"href":"https:\/\/lionwingnet.com\/es\/wp-json\/wp\/v2\/pages\/160\/revisions\/1309"}],"wp:attachment":[{"href":"https:\/\/lionwingnet.com\/es\/wp-json\/wp\/v2\/media?parent=160"}],"curies":[{"name":"wp","href":"https:\/\/api.w.org\/{rel}","templated":true}]}}